{"id":406,"date":"2014-04-13T13:01:30","date_gmt":"2014-04-13T11:01:30","guid":{"rendered":"http:\/\/pidesfotos.de\/?page_id=406"},"modified":"2014-04-26T23:51:01","modified_gmt":"2014-04-26T21:51:01","slug":"werra3","status":"publish","type":"page","link":"http:\/\/pidesfotos.de\/?page_id=406","title":{"rendered":"Werra 3"},"content":{"rendered":"<p>Die Werra 3 ist eine Analoge Messucherkamera, die ab Ende der 50er Jahre von der Firma Carl Zeiss Jena gebaut wurde. Sie ist Komplett mechanisch und verf\u00fcgt \u00fcber einen im Sucher integrierten Schnittbild-Entfernungsmesser, welcher zum scharfstellen dient. Als Bildmedium wird handels\u00fcblicher 35mm-Film verwendet.<br \/>\nDas Geh\u00e4use der Werra ist sehr schlicht gehalten. Die Bedienelemente befinden sich &#8211; abgesehen vom Ausl\u00f6ser &#8211; vorn am Objektiv. An der Geh\u00e4usefront sind abgesehen von der Objektivkonstruktion nur zwei kleine Fenster zu sehen: Der gr\u00f6\u00dfere Sucher und der kleinere Entfernungsmesser. Auf der R\u00fcckseite befindet sich ausschlie\u00dflich der Sucher, links oben. Am Kameraboden sind noch ein Bildz\u00e4hlwerk und ein R\u00e4dchen zum zur\u00fcckspulen des Films. Die Gegenlichtblende kann bei dem 50mm Objektiv auch als Objektivabdeckung genutzt werden.<\/p>\n<p><img loading=\"lazy\" class=\"aligncenter size-full wp-image-564\" src=\"http:\/\/pidesfotos.de\/wp-content\/uploads\/2014\/04\/DSC_0283es.jpg\" alt=\"DSC_0283es\" width=\"900\" height=\"596\" srcset=\"http:\/\/pidesfotos.de\/wp-content\/uploads\/2014\/04\/DSC_0283es.jpg 900w, http:\/\/pidesfotos.de\/wp-content\/uploads\/2014\/04\/DSC_0283es-300x198.jpg 300w, http:\/\/pidesfotos.de\/wp-content\/uploads\/2014\/04\/DSC_0283es-590x390.jpg 590w\" sizes=\"(max-width: 900px) 100vw, 900px\" \/><\/p>\n<p>Nach dem einlegen des Films, wof\u00fcr der Boden der Kamera inklusive R\u00fcckwand abgenommen wird, werden Blende und Belichtungszeit \u00fcber Einstellringe an der Objektivkonstruktion eingestellt. Die Blende reicht je nach Objektiv von F\/2,8 bzw. F\/4 bis maximal F\/22, die Belichtungszeit von 1\/500s bis 60s. Das einstellen der Belichtung gestaltet sich anfangs etwas ungewohnt, da der Zeitring sich nur gemeinsam mit dem Blendenring drehen l\u00e4sst. Man muss also zun\u00e4chst die beiden Einstellringe aufeinander abstimmen um dann das gew\u00e4hlte Zeit-Blenden-Paar gemeinsam zur Mitte zu drehen. Hat man allerdings einmal den Ablauf begriffen ist das kein Problem.<br \/>\nDie passende Belichtung muss an diesem Werra-Modell mangels eines integrierten Belichtungsmessers extern gemessen oder gesch\u00e4tzt werden (z.B. mit der &#8222;Sunny 16&#8220; Regel). Mit etwas \u00dcbung und Kopfrechnen sollte das allerdings auch kein Problem darstellen.<\/p>\n<p><a href=\"http:\/\/pidesfotos.de\/wp-content\/uploads\/2014\/04\/werra_130801_07.jpg\"><img loading=\"lazy\" class=\"aligncenter  wp-image-571\" src=\"http:\/\/pidesfotos.de\/wp-content\/uploads\/2014\/04\/werra_130801_07.jpg\" alt=\"werra_130801_07\" width=\"636\" height=\"473\" srcset=\"http:\/\/pidesfotos.de\/wp-content\/uploads\/2014\/04\/werra_130801_07.jpg 900w, http:\/\/pidesfotos.de\/wp-content\/uploads\/2014\/04\/werra_130801_07-300x223.jpg 300w, http:\/\/pidesfotos.de\/wp-content\/uploads\/2014\/04\/werra_130801_07-590x438.jpg 590w\" sizes=\"(max-width: 636px) 100vw, 636px\" \/><\/a><\/p>\n<p>Die einzige Einstellung die am eigentlichen, abnehmbaren Objektiv vorgenommen wird ist die Scharfstellung \u00fcber einen weiteren Einstellring. Kontrolliert wird die Sch\u00e4rfe im Messsucher, in den ein horizontal verschobenes Bild aus dem Entfernungsmesser eingespiegelt wird. Scharfgestellt wird indem man dieses Bild mit dem umliegenden Sucherbild zur Deckung bringt. Dies gestaltet sich recht einfach im gro\u00dfen, hellen Sucher der Werra. Es gilt nur zu beachten, dass das scharfzustellende Objekt sich in der Bildmitte befinden muss.<\/p>\n<p>Die auff\u00e4lligste Eigenschaft der Werra ist der Mechanismus zum Spannen des Ausl\u00f6sers und gleichzeitigen Filmtransport. Anders als von vielen mechanischen Analogkameras gewohnt gibt es hier keinen Hebel, sondern einen gr\u00fcn belederten Ring am Fu\u00df der Objektivkonstruktion, der zu diesem Zweck um 90 Grad gedreht wird. Wegen dieser Konstruktion wird der Film auch anders herum eingelegt als bei den meisten Analogkameras, er wird also von rechts nach links transportiert, statt umgekehrt. Dadurch werden die Fotos quasi kopf\u00fcber auf den Film belichtet, was in der Praxis jedoch keinerlei Relevanz hat.<\/p>\n<p><a href=\"http:\/\/pidesfotos.de\/wp-content\/uploads\/2014\/04\/werra_130801_05.jpg\"><img loading=\"lazy\" class=\"aligncenter  wp-image-569\" src=\"http:\/\/pidesfotos.de\/wp-content\/uploads\/2014\/04\/werra_130801_05.jpg\" alt=\"werra_130801_05\" width=\"500\" height=\"672\" srcset=\"http:\/\/pidesfotos.de\/wp-content\/uploads\/2014\/04\/werra_130801_05.jpg 670w, http:\/\/pidesfotos.de\/wp-content\/uploads\/2014\/04\/werra_130801_05-223x300.jpg 223w, http:\/\/pidesfotos.de\/wp-content\/uploads\/2014\/04\/werra_130801_05-590x792.jpg 590w\" sizes=\"(max-width: 500px) 100vw, 500px\" \/><\/a><\/p>\n<p>Die Werra 3 bietet die M\u00f6glichkeit zwischen drei Objektiven zu wechseln: Dem Flektogon 2,8\/35, dem Tessar 2,8\/50 und dem Cardinar 4\/100. Das Flektogon und das Cardinar sind allerdings im Gegensatz zum Tessar recht selten und daher nur vergleichsweise teuer zu bekommen.<\/p>\n<p>Alles in allem ist die Werra 3 eine stylische, sehr wertige kleine Kamera mit hervorragenden Objektiven, die (zumindest mit dem Tessar) zu einem sehr g\u00fcnstigen Preis eine wirklich gute Bildqualit\u00e4t liefert.<\/p>\n\r\n\t\t<style type='text\/css'>\r\n\t\t\t#gallery-1 {\r\n\t\t\t\tmargin: auto;\r\n\t\t\t}\r\n\t\t\t#gallery-1 .gallery-item {\r\n\t\t\t\tfloat: left;\r\n\t\t\t\tmargin-top: 10px;\r\n\t\t\t\ttext-align: center;\r\n\t\t\t\twidth: 33%;\r\n\t\t\t}\r\n\t\t\t#gallery-1 img {\r\n\t\t\t\tborder: 2px solid #cfcfcf;\r\n\t\t\t}\r\n\t\t\t#gallery-1 .gallery-caption {\r\n\t\t\t\tmargin-left: 0;\r\n\t\t\t}\r\n\t\t<\/style>\r\n\t\t<!-- see gallery_shortcode() in wp-includes\/media.php -->\n\t\t<div id='gallery-1' class='gallery galleryid-406 gallery-columns-3 gallery-size-thumbnail gallery1'><script type=\"text\/javascript\">\r\n\/\/ <![CDATA[\r\n\tjQuery(document).ready(function () {\r\n\t\tjQuery(\".gallery1 a\").attr(\"rel\",\"gallery1\");\t\r\n\t\tjQuery('a[rel=\"gallery1\"]').colorbox({maxWidth:\"95%\", maxHeight:\"95%\",title: function(){ return jQuery(this).children().attr(\"alt\"); }, });\r\n\t});\r\n\/\/ ]]>\r\n<\/script>\n<dl class=\"gallery-item\">\n<dt class=\"gallery-icon\">\r\n<a href=\"http:\/\/pidesfotos.de\/wp-content\/uploads\/2014\/04\/werra_130801_01.jpg\" title=\"\" rel=\"gallery1\"><img src=\"http:\/\/pidesfotos.de\/wp-content\/uploads\/2014\/04\/werra_130801_01-150x150.jpg\" width=\"150\" height=\"150\" alt=\"\" \/><\/a>\r\n<\/dt><\/dl><dl class=\"gallery-item\">\n<dt class=\"gallery-icon\">\r\n<a href=\"http:\/\/pidesfotos.de\/wp-content\/uploads\/2014\/04\/werra_130801_06.jpg\" title=\"\" rel=\"gallery1\"><img src=\"http:\/\/pidesfotos.de\/wp-content\/uploads\/2014\/04\/werra_130801_06-150x150.jpg\" width=\"150\" height=\"150\" alt=\"\" \/><\/a>\r\n<\/dt><\/dl><dl class=\"gallery-item\">\n<dt class=\"gallery-icon\">\r\n<a href=\"http:\/\/pidesfotos.de\/wp-content\/uploads\/2014\/04\/werra_130801_02.jpg\" title=\"\" rel=\"gallery1\"><img src=\"http:\/\/pidesfotos.de\/wp-content\/uploads\/2014\/04\/werra_130801_02-150x150.jpg\" width=\"150\" height=\"150\" alt=\"\" \/><\/a>\r\n<\/dt><\/dl><br style=\"clear: both\" \/><dl class=\"gallery-item\">\n<dt class=\"gallery-icon\">\r\n<a href=\"http:\/\/pidesfotos.de\/wp-content\/uploads\/2014\/04\/werra_130801_03.jpg\" title=\"\" rel=\"gallery1\"><img src=\"http:\/\/pidesfotos.de\/wp-content\/uploads\/2014\/04\/werra_130801_03-150x150.jpg\" width=\"150\" height=\"150\" alt=\"\" \/><\/a>\r\n<\/dt><\/dl><dl class=\"gallery-item\">\n<dt class=\"gallery-icon\">\r\n<a href=\"http:\/\/pidesfotos.de\/wp-content\/uploads\/2014\/04\/werra_130801_04.jpg\" title=\"\" rel=\"gallery1\"><img src=\"http:\/\/pidesfotos.de\/wp-content\/uploads\/2014\/04\/werra_130801_04-150x150.jpg\" width=\"150\" height=\"150\" alt=\"\" \/><\/a>\r\n<\/dt><\/dl><dl class=\"gallery-item\">\n<dt class=\"gallery-icon\">\r\n<a href=\"http:\/\/pidesfotos.de\/wp-content\/uploads\/2014\/04\/werra_130801_08.jpg\" title=\"\" rel=\"gallery1\"><img src=\"http:\/\/pidesfotos.de\/wp-content\/uploads\/2014\/04\/werra_130801_08-150x150.jpg\" width=\"150\" height=\"150\" alt=\"\" \/><\/a>\r\n<\/dt><\/dl><br style=\"clear: both\" \/>\r\n\t\t<\/div>\n\n","protected":false},"excerpt":{"rendered":"<p>Die Werra 3 ist eine Analoge Messucherkamera, die ab Ende der 50er Jahre von der Firma Carl Zeiss Jena gebaut wurde. Sie ist Komplett mechanisch und verf\u00fcgt \u00fcber einen im Sucher integrierten Schnittbild-Entfernungsmesser, welcher zum scharfstellen dient. Als Bildmedium wird handels\u00fcblicher 35mm-Film verwendet. Das Geh\u00e4use der Werra ist sehr schlicht gehalten. Die Bedienelemente befinden sich [&hellip;]<\/p>\n","protected":false},"author":1,"featured_media":564,"parent":0,"menu_order":0,"comment_status":"open","ping_status":"open","template":"","meta":[],"_links":{"self":[{"href":"http:\/\/pidesfotos.de\/index.php?rest_route=\/wp\/v2\/pages\/406"}],"collection":[{"href":"http:\/\/pidesfotos.de\/index.php?rest_route=\/wp\/v2\/pages"}],"about":[{"href":"http:\/\/pidesfotos.de\/index.php?rest_route=\/wp\/v2\/types\/page"}],"author":[{"embeddable":true,"href":"http:\/\/pidesfotos.de\/index.php?rest_route=\/wp\/v2\/users\/1"}],"replies":[{"embeddable":true,"href":"http:\/\/pidesfotos.de\/index.php?rest_route=%2Fwp%2Fv2%2Fcomments&post=406"}],"version-history":[{"count":5,"href":"http:\/\/pidesfotos.de\/index.php?rest_route=\/wp\/v2\/pages\/406\/revisions"}],"predecessor-version":[{"id":574,"href":"http:\/\/pidesfotos.de\/index.php?rest_route=\/wp\/v2\/pages\/406\/revisions\/574"}],"wp:featuredmedia":[{"embeddable":true,"href":"http:\/\/pidesfotos.de\/index.php?rest_route=\/wp\/v2\/media\/564"}],"wp:attachment":[{"href":"http:\/\/pidesfotos.de\/index.php?rest_route=%2Fwp%2Fv2%2Fmedia&parent=406"}],"curies":[{"name":"wp","href":"https:\/\/api.w.org\/{rel}","templated":true}]}}